{"id":1814,"date":"2021-02-25T15:58:17","date_gmt":"2021-02-25T14:58:17","guid":{"rendered":"https:\/\/www.maisel.com\/imprint\/"},"modified":"2025-07-21T07:50:06","modified_gmt":"2025-07-21T05:50:06","slug":"imprint","status":"publish","type":"page","link":"https:\/\/www.maisel.com\/en\/imprint\/","title":{"rendered":"Imprint"},"content":{"rendered":"<section class=\"l-section wpb_row height_large width_full\"><div class=\"l-section-h i-cf\"><div class=\"g-cols vc_row via_flex valign_top type_default stacking_default\"><div class=\"vc_col-sm-12 vc_col-md-offset-2 vc_col-md-8 wpb_column vc_column_container\"><div class=\"vc_column-inner\"><div class=\"wpb_wrapper\"><div class=\"wpb_text_column\"><div class=\"wpb_wrapper\"><h1 style=\"text-align: center;\">IMPRESSUM<\/h1>\n<p>&nbsp;<\/p>\n<p style=\"text-align: center;\">Brauerei Gebr. Maisel GmbH &amp; Co. KG<br \/>\nHindenburgstr. 9<br \/>\n95445 Bayreuth<br \/>\nDeutschland<\/p>\n<p style=\"text-align: center;\">Vertreten durch:<br \/>\nBrauerei Maisel Gesch\u00e4ftsf\u00fchrungsgesellschaft mbH,<br \/>\ndiese vertreten durch die Gesch\u00e4ftsf\u00fchrer:<br \/>\nJeff Maisel, Hermann-Josef Boerger, Marc Goebel<\/p>\n<p style=\"text-align: center;\">Telefon: <a href=\"tel:+499214010\">+49 921 401-0<\/a><br \/>\nE-Mail: <a href=\"&#x6d;a&#x69;l&#x74;&#111;&#x3a;&#98;r&#x61;u&#x65;&#114;&#x65;&#105;&#x40;&#109;a&#x69;s&#x65;&#108;&#x2e;&#99;&#x6f;&#x6d;\">&#x62;&#x72;&#x61;&#x75;&#x65;&#x72;&#x65;&#x69;&#x40;&#x6d;&#x61;&#x69;&#x73;&#x65;&#x6c;&#x2e;&#x63;&#x6f;&#x6d;<\/a><\/p>\n<p style=\"text-align: center;\">Handelsregister: Amtsgericht Bayreuth<br \/>\nRegisternummer: HRA 3017<\/p>\n<p style=\"text-align: center;\">Umsatzsteuer-Identifikationsnummer: DE132351744<\/p>\n<h3 style=\"text-align: center;\">Streitbeilegung<\/h3>\n<p style=\"text-align: center;\">Wir sind nicht bereit und nicht verpflichtet an einem Streitbeilegungsverfahren vor einer Verbraucherschlichtungsstelle teilzunehmen.<\/p>\n<\/div><\/div><div class=\"w-separator size_custom\" style=\"height:2rem\"><\/div><\/div><\/div><\/div><\/div><\/div><\/section>\n","protected":false},"excerpt":{"rendered":"IMPRESSUM &nbsp; Brauerei Gebr. Maisel GmbH &amp; Co. KG Hindenburgstr. 9 95445 Bayreuth Deutschland Vertreten durch: Brauerei Maisel Gesch\u00e4ftsf\u00fchrungsgesellschaft mbH, diese vertreten durch die Gesch\u00e4ftsf\u00fchrer: Jeff Maisel, Hermann-Josef Boerger, Marc Goebel Telefon: +49 921 401-0 E-Mail: &#98;&#x72;&#97;&#x75;e&#114;&#x65;&#105;&#x40;m&#x61;i&#115;&#x65;&#108;&#x2e;c&#x6f;&#x6d; Handelsregister: Amtsgericht Bayreuth Registernummer: HRA 3017 Umsatzsteuer-Identifikationsnummer: DE132351744 Streitbeilegung Wir sind nicht bereit und nicht verpflichtet an einem...","protected":false},"author":4,"featured_media":0,"parent":0,"menu_order":11,"comment_status":"closed","ping_status":"closed","template":"","meta":{"_acf_changed":false,"inline_featured_image":false,"_lmt_disableupdate":"no","_lmt_disable":"","footnotes":""},"class_list":["post-1814","page","type-page","status-publish","hentry"],"acf":[],"_links":{"self":[{"href":"https:\/\/www.maisel.com\/en\/wp-json\/wp\/v2\/pages\/1814","targetHints":{"allow":["GET"]}}],"collection":[{"href":"https:\/\/www.maisel.com\/en\/wp-json\/wp\/v2\/pages"}],"about":[{"href":"https:\/\/www.maisel.com\/en\/wp-json\/wp\/v2\/types\/page"}],"author":[{"embeddable":true,"href":"https:\/\/www.maisel.com\/en\/wp-json\/wp\/v2\/users\/4"}],"replies":[{"embeddable":true,"href":"https:\/\/www.maisel.com\/en\/wp-json\/wp\/v2\/comments?post=1814"}],"version-history":[{"count":12,"href":"https:\/\/www.maisel.com\/en\/wp-json\/wp\/v2\/pages\/1814\/revisions"}],"predecessor-version":[{"id":44694,"href":"https:\/\/www.maisel.com\/en\/wp-json\/wp\/v2\/pages\/1814\/revisions\/44694"}],"wp:attachment":[{"href":"https:\/\/www.maisel.com\/en\/wp-json\/wp\/v2\/media?parent=1814"}],"curies":[{"name":"wp","href":"https:\/\/api.w.org\/{rel}","templated":true}]}}